{"id":3298,"date":"2023-08-21T11:44:13","date_gmt":"2023-08-21T09:44:13","guid":{"rendered":"https:\/\/linkekulicki.pl\/?page_id=3298"},"modified":"2025-02-10T10:37:47","modified_gmt":"2025-02-10T09:37:47","slug":"homepage-ua","status":"publish","type":"page","link":"https:\/\/linkekulicki.pl\/uk\/homepage-ua\/","title":{"rendered":"\u0434\u043e\u0434\u043e\u043c\u0443"},"content":{"rendered":"","protected":false},"excerpt":{"rendered":"","protected":false},"author":2,"featured_media":0,"parent":0,"menu_order":55,"comment_status":"closed","ping_status":"closed","template":"templates\/home.php","meta":[],"yoast_head":"<!-- This site is optimized with the Yoast SEO plugin v19.10 - https:\/\/yoast.com\/wordpress\/plugins\/seo\/ -->\n<title>\u042e\u0440\u0438\u0434\u0438\u0447\u043d\u0430 \u0444\u0456\u0440\u043c\u0430 Linke Kulicki \u2013 \u0410\u0434\u0432\u043e\u043a\u0430\u0442 \u0432 \u041f\u043e\u043b\u044c\u0449\u0456<\/title>\n<meta name=\"description\" content=\"\u0428\u0443\u043a\u0430\u0454\u0442\u0435 \u0434\u043e\u0441\u0432\u0456\u0434\u0447\u0435\u043d\u043e\u0433\u043e \u0430\u0434\u0432\u043e\u043a\u0430\u0442\u0430 \u0432 \u041f\u043e\u043b\u044c\u0449\u0456? \u27a2 \u0417\u0432&#039;\u044f\u0436\u0456\u0442\u044c\u0441\u044f \u0437 \u043d\u0430\u043c\u0438, \u0456 \u043d\u0430\u0448 \u044e\u0440\u0438\u0441\u0442 \u043f\u0440\u043e\u0430\u043d\u0430\u043b\u0456\u0437\u0443\u0454 \u0432\u0430\u0448\u0443 \u043f\u0440\u0430\u0432\u043e\u0432\u0443 \u043f\u0440\u043e\u0431\u043b\u0435\u043c\u0443 \u27a2 +48 789 178 462\" \/>\n<meta name=\"robots\" content=\"index, follow, max-snippet:-1, max-image-preview:large, max-video-preview:-1\" \/>\n<link rel=\"canonical\" href=\"https:\/\/linkekulicki.pl\/uk\/homepage-ua\/\" \/>\n<meta property=\"og:locale\" content=\"uk_UA\" \/>\n<meta property=\"og:type\" content=\"article\" \/>\n<meta property=\"og:title\" content=\"\u042e\u0440\u0438\u0434\u0438\u0447\u043d\u0430 \u0444\u0456\u0440\u043c\u0430 Linke Kulicki \u2013 \u0410\u0434\u0432\u043e\u043a\u0430\u0442 \u0432 \u041f\u043e\u043b\u044c\u0449\u0456\" \/>\n<meta property=\"og:description\" content=\"\u0428\u0443\u043a\u0430\u0454\u0442\u0435 \u0434\u043e\u0441\u0432\u0456\u0434\u0447\u0435\u043d\u043e\u0433\u043e \u0430\u0434\u0432\u043e\u043a\u0430\u0442\u0430 \u0432 \u041f\u043e\u043b\u044c\u0449\u0456? \u27a2 \u0417\u0432&#039;\u044f\u0436\u0456\u0442\u044c\u0441\u044f \u0437 \u043d\u0430\u043c\u0438, \u0456 \u043d\u0430\u0448 \u044e\u0440\u0438\u0441\u0442 \u043f\u0440\u043e\u0430\u043d\u0430\u043b\u0456\u0437\u0443\u0454 \u0432\u0430\u0448\u0443 \u043f\u0440\u0430\u0432\u043e\u0432\u0443 \u043f\u0440\u043e\u0431\u043b\u0435\u043c\u0443 \u27a2 +48 789 178 462\" \/>\n<meta property=\"og:url\" content=\"https:\/\/linkekulicki.pl\/uk\/homepage-ua\/\" \/>\n<meta property=\"og:site_name\" content=\"Kancelaria Prawna Linke Kulicki\" \/>\n<meta property=\"article:publisher\" content=\"https:\/\/www.facebook.com\/linkekulicki\" \/>\n<meta property=\"article:modified_time\" content=\"2025-02-10T09:37:47+00:00\" \/>\n<meta property=\"og:image\" content=\"http:\/\/linkekulicki.pl\/wp-content\/uploads\/2021\/08\/cta-2.png\" \/>\n<meta name=\"twitter:card\" content=\"summary_large_image\" \/>\n<meta name=\"twitter:image\" content=\"http:\/\/linkekulicki.pl\/wp-content\/uploads\/2021\/08\/cta-2.png\" \/>\n<script type=\"application\/ld+json\" class=\"yoast-schema-graph\">{\"@context\":\"https:\/\/schema.org\",\"@graph\":[{\"@type\":\"WebPage\",\"@id\":\"https:\/\/linkekulicki.pl\/uk\/homepage-ua\/\",\"url\":\"https:\/\/linkekulicki.pl\/uk\/homepage-ua\/\",\"name\":\"\u042e\u0440\u0438\u0434\u0438\u0447\u043d\u0430 \u0444\u0456\u0440\u043c\u0430 Linke Kulicki \u2013 \u0410\u0434\u0432\u043e\u043a\u0430\u0442 \u0432 \u041f\u043e\u043b\u044c\u0449\u0456\",\"isPartOf\":{\"@id\":\"https:\/\/linkekulicki.pl\/#website\"},\"datePublished\":\"2023-08-21T09:44:13+00:00\",\"dateModified\":\"2025-02-10T09:37:47+00:00\",\"description\":\"\u0428\u0443\u043a\u0430\u0454\u0442\u0435 \u0434\u043e\u0441\u0432\u0456\u0434\u0447\u0435\u043d\u043e\u0433\u043e \u0430\u0434\u0432\u043e\u043a\u0430\u0442\u0430 \u0432 \u041f\u043e\u043b\u044c\u0449\u0456? \u27a2 \u0417\u0432'\u044f\u0436\u0456\u0442\u044c\u0441\u044f \u0437 \u043d\u0430\u043c\u0438, \u0456 \u043d\u0430\u0448 \u044e\u0440\u0438\u0441\u0442 \u043f\u0440\u043e\u0430\u043d\u0430\u043b\u0456\u0437\u0443\u0454 \u0432\u0430\u0448\u0443 \u043f\u0440\u0430\u0432\u043e\u0432\u0443 \u043f\u0440\u043e\u0431\u043b\u0435\u043c\u0443 \u27a2 +48 789 178 462\",\"breadcrumb\":{\"@id\":\"https:\/\/linkekulicki.pl\/uk\/homepage-ua\/#breadcrumb\"},\"inLanguage\":\"uk\",\"potentialAction\":[{\"@type\":\"ReadAction\",\"target\":[\"https:\/\/linkekulicki.pl\/uk\/homepage-ua\/\"]}]},{\"@type\":\"BreadcrumbList\",\"@id\":\"https:\/\/linkekulicki.pl\/uk\/homepage-ua\/#breadcrumb\",\"itemListElement\":[{\"@type\":\"ListItem\",\"position\":1,\"name\":\"Strona g\u0142\u00f3wna\",\"item\":\"https:\/\/linkekulicki.pl\/uk\/\"},{\"@type\":\"ListItem\",\"position\":2,\"name\":\"\u0434\u043e\u0434\u043e\u043c\u0443\"}]},{\"@type\":\"WebSite\",\"@id\":\"https:\/\/linkekulicki.pl\/#website\",\"url\":\"https:\/\/linkekulicki.pl\/\",\"name\":\"Kancelaria Prawna Linke Kulicki\",\"description\":\"Rozwi\u0105zania prawne dla nowoczesnego biznesu. Prawo nowych technologii, prawo sp\u00f3\u0142ek, umowy IT oraz obs\u0142uga inwestycji.\",\"publisher\":{\"@id\":\"https:\/\/linkekulicki.pl\/#organization\"},\"potentialAction\":[{\"@type\":\"SearchAction\",\"target\":{\"@type\":\"EntryPoint\",\"urlTemplate\":\"https:\/\/linkekulicki.pl\/?s={search_term_string}\"},\"query-input\":\"required name=search_term_string\"}],\"inLanguage\":\"uk\"},{\"@type\":\"Organization\",\"@id\":\"https:\/\/linkekulicki.pl\/#organization\",\"name\":\"Kancelaria Prawna Linke Kulicki\",\"url\":\"https:\/\/linkekulicki.pl\/\",\"logo\":{\"@type\":\"ImageObject\",\"inLanguage\":\"uk\",\"@id\":\"https:\/\/linkekulicki.pl\/#\/schema\/logo\/image\/\",\"url\":\"https:\/\/linkekulicki.pl\/wp-content\/uploads\/2021\/08\/cta-2.png\",\"contentUrl\":\"https:\/\/linkekulicki.pl\/wp-content\/uploads\/2021\/08\/cta-2.png\",\"width\":1200,\"height\":627,\"caption\":\"Kancelaria Prawna Linke Kulicki\"},\"image\":{\"@id\":\"https:\/\/linkekulicki.pl\/#\/schema\/logo\/image\/\"},\"sameAs\":[\"https:\/\/www.linkedin.com\/company\/linke-kulicki-kancelaria\",\"https:\/\/www.facebook.com\/linkekulicki\"]}]}<\/script>\n<!-- \/ Yoast SEO plugin. -->","yoast_head_json":{"title":"\u042e\u0440\u0438\u0434\u0438\u0447\u043d\u0430 \u0444\u0456\u0440\u043c\u0430 Linke Kulicki \u2013 \u0410\u0434\u0432\u043e\u043a\u0430\u0442 \u0432 \u041f\u043e\u043b\u044c\u0449\u0456","description":"\u0428\u0443\u043a\u0430\u0454\u0442\u0435 \u0434\u043e\u0441\u0432\u0456\u0434\u0447\u0435\u043d\u043e\u0433\u043e \u0430\u0434\u0432\u043e\u043a\u0430\u0442\u0430 \u0432 \u041f\u043e\u043b\u044c\u0449\u0456? \u27a2 \u0417\u0432'\u044f\u0436\u0456\u0442\u044c\u0441\u044f \u0437 \u043d\u0430\u043c\u0438, \u0456 \u043d\u0430\u0448 \u044e\u0440\u0438\u0441\u0442 \u043f\u0440\u043e\u0430\u043d\u0430\u043b\u0456\u0437\u0443\u0454 \u0432\u0430\u0448\u0443 \u043f\u0440\u0430\u0432\u043e\u0432\u0443 \u043f\u0440\u043e\u0431\u043b\u0435\u043c\u0443 \u27a2 +48 789 178 462","robots":{"index":"index","follow":"follow","max-snippet":"max-snippet:-1","max-image-preview":"max-image-preview:large","max-video-preview":"max-video-preview:-1"},"canonical":"https:\/\/linkekulicki.pl\/uk\/homepage-ua\/","og_locale":"uk_UA","og_type":"article","og_title":"\u042e\u0440\u0438\u0434\u0438\u0447\u043d\u0430 \u0444\u0456\u0440\u043c\u0430 Linke Kulicki \u2013 \u0410\u0434\u0432\u043e\u043a\u0430\u0442 \u0432 \u041f\u043e\u043b\u044c\u0449\u0456","og_description":"\u0428\u0443\u043a\u0430\u0454\u0442\u0435 \u0434\u043e\u0441\u0432\u0456\u0434\u0447\u0435\u043d\u043e\u0433\u043e \u0430\u0434\u0432\u043e\u043a\u0430\u0442\u0430 \u0432 \u041f\u043e\u043b\u044c\u0449\u0456? \u27a2 \u0417\u0432'\u044f\u0436\u0456\u0442\u044c\u0441\u044f \u0437 \u043d\u0430\u043c\u0438, \u0456 \u043d\u0430\u0448 \u044e\u0440\u0438\u0441\u0442 \u043f\u0440\u043e\u0430\u043d\u0430\u043b\u0456\u0437\u0443\u0454 \u0432\u0430\u0448\u0443 \u043f\u0440\u0430\u0432\u043e\u0432\u0443 \u043f\u0440\u043e\u0431\u043b\u0435\u043c\u0443 \u27a2 +48 789 178 462","og_url":"https:\/\/linkekulicki.pl\/uk\/homepage-ua\/","og_site_name":"Kancelaria Prawna Linke Kulicki","article_publisher":"https:\/\/www.facebook.com\/linkekulicki","article_modified_time":"2025-02-10T09:37:47+00:00","og_image":[{"url":"http:\/\/linkekulicki.pl\/wp-content\/uploads\/2021\/08\/cta-2.png"}],"twitter_card":"summary_large_image","twitter_image":"http:\/\/linkekulicki.pl\/wp-content\/uploads\/2021\/08\/cta-2.png","schema":{"@context":"https:\/\/schema.org","@graph":[{"@type":"WebPage","@id":"https:\/\/linkekulicki.pl\/uk\/homepage-ua\/","url":"https:\/\/linkekulicki.pl\/uk\/homepage-ua\/","name":"\u042e\u0440\u0438\u0434\u0438\u0447\u043d\u0430 \u0444\u0456\u0440\u043c\u0430 Linke Kulicki \u2013 \u0410\u0434\u0432\u043e\u043a\u0430\u0442 \u0432 \u041f\u043e\u043b\u044c\u0449\u0456","isPartOf":{"@id":"https:\/\/linkekulicki.pl\/#website"},"datePublished":"2023-08-21T09:44:13+00:00","dateModified":"2025-02-10T09:37:47+00:00","description":"\u0428\u0443\u043a\u0430\u0454\u0442\u0435 \u0434\u043e\u0441\u0432\u0456\u0434\u0447\u0435\u043d\u043e\u0433\u043e \u0430\u0434\u0432\u043e\u043a\u0430\u0442\u0430 \u0432 \u041f\u043e\u043b\u044c\u0449\u0456? \u27a2 \u0417\u0432'\u044f\u0436\u0456\u0442\u044c\u0441\u044f \u0437 \u043d\u0430\u043c\u0438, \u0456 \u043d\u0430\u0448 \u044e\u0440\u0438\u0441\u0442 \u043f\u0440\u043e\u0430\u043d\u0430\u043b\u0456\u0437\u0443\u0454 \u0432\u0430\u0448\u0443 \u043f\u0440\u0430\u0432\u043e\u0432\u0443 \u043f\u0440\u043e\u0431\u043b\u0435\u043c\u0443 \u27a2 +48 789 178 462","breadcrumb":{"@id":"https:\/\/linkekulicki.pl\/uk\/homepage-ua\/#breadcrumb"},"inLanguage":"uk","potentialAction":[{"@type":"ReadAction","target":["https:\/\/linkekulicki.pl\/uk\/homepage-ua\/"]}]},{"@type":"BreadcrumbList","@id":"https:\/\/linkekulicki.pl\/uk\/homepage-ua\/#breadcrumb","itemListElement":[{"@type":"ListItem","position":1,"name":"Strona g\u0142\u00f3wna","item":"https:\/\/linkekulicki.pl\/uk\/"},{"@type":"ListItem","position":2,"name":"\u0434\u043e\u0434\u043e\u043c\u0443"}]},{"@type":"WebSite","@id":"https:\/\/linkekulicki.pl\/#website","url":"https:\/\/linkekulicki.pl\/","name":"Kancelaria Prawna Linke Kulicki","description":"Rozwi\u0105zania prawne dla nowoczesnego biznesu. Prawo nowych technologii, prawo sp\u00f3\u0142ek, umowy IT oraz obs\u0142uga inwestycji.","publisher":{"@id":"https:\/\/linkekulicki.pl\/#organization"},"potentialAction":[{"@type":"SearchAction","target":{"@type":"EntryPoint","urlTemplate":"https:\/\/linkekulicki.pl\/?s={search_term_string}"},"query-input":"required name=search_term_string"}],"inLanguage":"uk"},{"@type":"Organization","@id":"https:\/\/linkekulicki.pl\/#organization","name":"Kancelaria Prawna Linke Kulicki","url":"https:\/\/linkekulicki.pl\/","logo":{"@type":"ImageObject","inLanguage":"uk","@id":"https:\/\/linkekulicki.pl\/#\/schema\/logo\/image\/","url":"https:\/\/linkekulicki.pl\/wp-content\/uploads\/2021\/08\/cta-2.png","contentUrl":"https:\/\/linkekulicki.pl\/wp-content\/uploads\/2021\/08\/cta-2.png","width":1200,"height":627,"caption":"Kancelaria Prawna Linke Kulicki"},"image":{"@id":"https:\/\/linkekulicki.pl\/#\/schema\/logo\/image\/"},"sameAs":["https:\/\/www.linkedin.com\/company\/linke-kulicki-kancelaria","https:\/\/www.facebook.com\/linkekulicki"]}]}},"_links":{"self":[{"href":"https:\/\/linkekulicki.pl\/uk\/wp-json\/wp\/v2\/pages\/3298"}],"collection":[{"href":"https:\/\/linkekulicki.pl\/uk\/wp-json\/wp\/v2\/pages"}],"about":[{"href":"https:\/\/linkekulicki.pl\/uk\/wp-json\/wp\/v2\/types\/page"}],"author":[{"embeddable":true,"href":"https:\/\/linkekulicki.pl\/uk\/wp-json\/wp\/v2\/users\/2"}],"replies":[{"embeddable":true,"href":"https:\/\/linkekulicki.pl\/uk\/wp-json\/wp\/v2\/comments?post=3298"}],"version-history":[{"count":8,"href":"https:\/\/linkekulicki.pl\/uk\/wp-json\/wp\/v2\/pages\/3298\/revisions"}],"predecessor-version":[{"id":3935,"href":"https:\/\/linkekulicki.pl\/uk\/wp-json\/wp\/v2\/pages\/3298\/revisions\/3935"}],"wp:attachment":[{"href":"https:\/\/linkekulicki.pl\/uk\/wp-json\/wp\/v2\/media?parent=3298"}],"curies":[{"name":"wp","href":"https:\/\/api.w.org\/{rel}","templated":true}]}}