{"id":411,"date":"2021-07-15T12:03:36","date_gmt":"2021-07-15T10:03:36","guid":{"rendered":"http:\/\/linkekulicki.ewitryna.one\/?page_id=411"},"modified":"2024-12-16T15:18:41","modified_gmt":"2024-12-16T14:18:41","slug":"privacy-policy","status":"publish","type":"page","link":"https:\/\/linkekulicki.pl\/en\/privacy-policy\/","title":{"rendered":"Privacy policy"},"content":{"rendered":"","protected":false},"excerpt":{"rendered":"","protected":false},"author":2,"featured_media":0,"parent":0,"menu_order":75,"comment_status":"closed","ping_status":"open","template":"","meta":[],"yoast_head":"<!-- This site is optimized with the Yoast SEO plugin v19.10 - https:\/\/yoast.com\/wordpress\/plugins\/seo\/ -->\n<title>Privacy policy \u2013 Linke Kulicki Law Firm<\/title>\n<meta name=\"description\" content=\"The administrator of the personal data is Linke Kulicki Law Firm with its registered office in Warsaw, 31 Ogrodowa Street, 00-893 Warsaw.\" \/>\n<meta name=\"robots\" content=\"noindex, follow\" \/>\n<meta property=\"og:locale\" content=\"en_US\" \/>\n<meta property=\"og:type\" content=\"article\" \/>\n<meta property=\"og:title\" content=\"Privacy policy \u2013 Linke Kulicki Law Firm\" \/>\n<meta property=\"og:description\" content=\"The administrator of the personal data is Linke Kulicki Law Firm with its registered office in Warsaw, 31 Ogrodowa Street, 00-893 Warsaw.\" \/>\n<meta property=\"og:url\" content=\"https:\/\/linkekulicki.pl\/en\/privacy-policy\/\" \/>\n<meta property=\"og:site_name\" content=\"Kancelaria Prawna Linke Kulicki\" \/>\n<meta property=\"article:publisher\" content=\"https:\/\/www.facebook.com\/linkekulicki\" \/>\n<meta property=\"article:modified_time\" content=\"2024-12-16T14:18:41+00:00\" \/>\n<meta name=\"twitter:card\" content=\"summary_large_image\" \/>\n<script type=\"application\/ld+json\" class=\"yoast-schema-graph\">{\"@context\":\"https:\/\/schema.org\",\"@graph\":[{\"@type\":\"WebPage\",\"@id\":\"https:\/\/linkekulicki.pl\/en\/privacy-policy\/\",\"url\":\"https:\/\/linkekulicki.pl\/en\/privacy-policy\/\",\"name\":\"Privacy policy \u2013 Linke Kulicki Law Firm\",\"isPartOf\":{\"@id\":\"https:\/\/linkekulicki.pl\/#website\"},\"datePublished\":\"2021-07-15T10:03:36+00:00\",\"dateModified\":\"2024-12-16T14:18:41+00:00\",\"description\":\"The administrator of the personal data is Linke Kulicki Law Firm with its registered office in Warsaw, 31 Ogrodowa Street, 00-893 Warsaw.\",\"breadcrumb\":{\"@id\":\"https:\/\/linkekulicki.pl\/en\/privacy-policy\/#breadcrumb\"},\"inLanguage\":\"en-US\",\"potentialAction\":[{\"@type\":\"ReadAction\",\"target\":[\"https:\/\/linkekulicki.pl\/en\/privacy-policy\/\"]}]},{\"@type\":\"BreadcrumbList\",\"@id\":\"https:\/\/linkekulicki.pl\/en\/privacy-policy\/#breadcrumb\",\"itemListElement\":[{\"@type\":\"ListItem\",\"position\":1,\"name\":\"Strona g\u0142\u00f3wna\",\"item\":\"https:\/\/linkekulicki.pl\/en\/\"},{\"@type\":\"ListItem\",\"position\":2,\"name\":\"Privacy policy\"}]},{\"@type\":\"WebSite\",\"@id\":\"https:\/\/linkekulicki.pl\/#website\",\"url\":\"https:\/\/linkekulicki.pl\/\",\"name\":\"Kancelaria Prawna Linke Kulicki\",\"description\":\"Rozwi\u0105zania prawne dla nowoczesnego biznesu. Prawo nowych technologii, prawo sp\u00f3\u0142ek, umowy IT oraz obs\u0142uga inwestycji.\",\"publisher\":{\"@id\":\"https:\/\/linkekulicki.pl\/#organization\"},\"potentialAction\":[{\"@type\":\"SearchAction\",\"target\":{\"@type\":\"EntryPoint\",\"urlTemplate\":\"https:\/\/linkekulicki.pl\/?s={search_term_string}\"},\"query-input\":\"required name=search_term_string\"}],\"inLanguage\":\"en-US\"},{\"@type\":\"Organization\",\"@id\":\"https:\/\/linkekulicki.pl\/#organization\",\"name\":\"Kancelaria Prawna Linke Kulicki\",\"url\":\"https:\/\/linkekulicki.pl\/\",\"logo\":{\"@type\":\"ImageObject\",\"inLanguage\":\"en-US\",\"@id\":\"https:\/\/linkekulicki.pl\/#\/schema\/logo\/image\/\",\"url\":\"https:\/\/linkekulicki.pl\/wp-content\/uploads\/2021\/08\/cta-2.png\",\"contentUrl\":\"https:\/\/linkekulicki.pl\/wp-content\/uploads\/2021\/08\/cta-2.png\",\"width\":1200,\"height\":627,\"caption\":\"Kancelaria Prawna Linke Kulicki\"},\"image\":{\"@id\":\"https:\/\/linkekulicki.pl\/#\/schema\/logo\/image\/\"},\"sameAs\":[\"https:\/\/www.linkedin.com\/company\/linke-kulicki-kancelaria\",\"https:\/\/www.facebook.com\/linkekulicki\"]}]}<\/script>\n<!-- \/ Yoast SEO plugin. -->","yoast_head_json":{"title":"Privacy policy \u2013 Linke Kulicki Law Firm","description":"The administrator of the personal data is Linke Kulicki Law Firm with its registered office in Warsaw, 31 Ogrodowa Street, 00-893 Warsaw.","robots":{"index":"noindex","follow":"follow"},"og_locale":"en_US","og_type":"article","og_title":"Privacy policy \u2013 Linke Kulicki Law Firm","og_description":"The administrator of the personal data is Linke Kulicki Law Firm with its registered office in Warsaw, 31 Ogrodowa Street, 00-893 Warsaw.","og_url":"https:\/\/linkekulicki.pl\/en\/privacy-policy\/","og_site_name":"Kancelaria Prawna Linke Kulicki","article_publisher":"https:\/\/www.facebook.com\/linkekulicki","article_modified_time":"2024-12-16T14:18:41+00:00","twitter_card":"summary_large_image","schema":{"@context":"https:\/\/schema.org","@graph":[{"@type":"WebPage","@id":"https:\/\/linkekulicki.pl\/en\/privacy-policy\/","url":"https:\/\/linkekulicki.pl\/en\/privacy-policy\/","name":"Privacy policy \u2013 Linke Kulicki Law Firm","isPartOf":{"@id":"https:\/\/linkekulicki.pl\/#website"},"datePublished":"2021-07-15T10:03:36+00:00","dateModified":"2024-12-16T14:18:41+00:00","description":"The administrator of the personal data is Linke Kulicki Law Firm with its registered office in Warsaw, 31 Ogrodowa Street, 00-893 Warsaw.","breadcrumb":{"@id":"https:\/\/linkekulicki.pl\/en\/privacy-policy\/#breadcrumb"},"inLanguage":"en-US","potentialAction":[{"@type":"ReadAction","target":["https:\/\/linkekulicki.pl\/en\/privacy-policy\/"]}]},{"@type":"BreadcrumbList","@id":"https:\/\/linkekulicki.pl\/en\/privacy-policy\/#breadcrumb","itemListElement":[{"@type":"ListItem","position":1,"name":"Strona g\u0142\u00f3wna","item":"https:\/\/linkekulicki.pl\/en\/"},{"@type":"ListItem","position":2,"name":"Privacy policy"}]},{"@type":"WebSite","@id":"https:\/\/linkekulicki.pl\/#website","url":"https:\/\/linkekulicki.pl\/","name":"Kancelaria Prawna Linke Kulicki","description":"Rozwi\u0105zania prawne dla nowoczesnego biznesu. Prawo nowych technologii, prawo sp\u00f3\u0142ek, umowy IT oraz obs\u0142uga inwestycji.","publisher":{"@id":"https:\/\/linkekulicki.pl\/#organization"},"potentialAction":[{"@type":"SearchAction","target":{"@type":"EntryPoint","urlTemplate":"https:\/\/linkekulicki.pl\/?s={search_term_string}"},"query-input":"required name=search_term_string"}],"inLanguage":"en-US"},{"@type":"Organization","@id":"https:\/\/linkekulicki.pl\/#organization","name":"Kancelaria Prawna Linke Kulicki","url":"https:\/\/linkekulicki.pl\/","logo":{"@type":"ImageObject","inLanguage":"en-US","@id":"https:\/\/linkekulicki.pl\/#\/schema\/logo\/image\/","url":"https:\/\/linkekulicki.pl\/wp-content\/uploads\/2021\/08\/cta-2.png","contentUrl":"https:\/\/linkekulicki.pl\/wp-content\/uploads\/2021\/08\/cta-2.png","width":1200,"height":627,"caption":"Kancelaria Prawna Linke Kulicki"},"image":{"@id":"https:\/\/linkekulicki.pl\/#\/schema\/logo\/image\/"},"sameAs":["https:\/\/www.linkedin.com\/company\/linke-kulicki-kancelaria","https:\/\/www.facebook.com\/linkekulicki"]}]}},"_links":{"self":[{"href":"https:\/\/linkekulicki.pl\/en\/wp-json\/wp\/v2\/pages\/411"}],"collection":[{"href":"https:\/\/linkekulicki.pl\/en\/wp-json\/wp\/v2\/pages"}],"about":[{"href":"https:\/\/linkekulicki.pl\/en\/wp-json\/wp\/v2\/types\/page"}],"author":[{"embeddable":true,"href":"https:\/\/linkekulicki.pl\/en\/wp-json\/wp\/v2\/users\/2"}],"replies":[{"embeddable":true,"href":"https:\/\/linkekulicki.pl\/en\/wp-json\/wp\/v2\/comments?post=411"}],"version-history":[{"count":4,"href":"https:\/\/linkekulicki.pl\/en\/wp-json\/wp\/v2\/pages\/411\/revisions"}],"predecessor-version":[{"id":6284,"href":"https:\/\/linkekulicki.pl\/en\/wp-json\/wp\/v2\/pages\/411\/revisions\/6284"}],"wp:attachment":[{"href":"https:\/\/linkekulicki.pl\/en\/wp-json\/wp\/v2\/media?parent=411"}],"curies":[{"name":"wp","href":"https:\/\/api.w.org\/{rel}","templated":true}]}}